{"id":107,"date":"2017-02-27T16:44:42","date_gmt":"2017-02-27T16:44:42","guid":{"rendered":"http:\/\/bdif.vn\/en\/?page_id=107"},"modified":"2026-04-20T03:26:12","modified_gmt":"2026-04-20T03:26:12","slug":"legislation","status":"publish","type":"page","link":"http:\/\/bdif.vn\/en\/necessary-information\/legislation\/","title":{"rendered":"Legislation"},"content":{"rendered":"<table class=\"table table-middle\" border=\"1\" cellspacing=\"0\" cellpadding=\"0\">\n<thead>\n<tr style=\"height: 24px;\">\n<th style=\"text-align: center; height: 24px;\" width=\"150\">S\u1ed1 v\u0103n b\u1ea3n<\/th>\n<th style=\"text-align: center; height: 24px;\" width=\"125\">Ng\u00e0y v\u0103n b\u1ea3n<\/th>\n<th style=\"text-align: center; height: 24px;\">T\u00f3m t\u1eaft n\u1ed9i dung v\u0103n b\u1ea3n<\/th>\n<th style=\"text-align: center; height: 24px;\" width=\"175\">Ban h\u00e0nh<\/th>\n<\/tr>\n<\/thead>\n<tbody>\n<tr style=\"height: 24px;\">\n<td style=\"text-align: center; height: 24px;\" colspan=\"4\"><strong>V\u0103n b\u1ea3n Qu\u1ef9 \u0111\u1ea7u t\u01b0 ph\u00e1t tri\u1ec3n<\/strong><\/td>\n<\/tr>\n<tr style=\"height: 24px;\">\n<td style=\"height: 24px;\"><a href=\"\/wp-content\/uploads\/2017\/02\/vanban\/359_qd_dtpt(qdbanhanhquytrinhthamdinhchovay).pdf\" target=\"_blank\" rel=\"noopener noreferrer\">359\/Q\u0110-\u0110TPT<\/a><\/td>\n<td style=\"height: 24px;\">06\/08\/2015<\/td>\n<td style=\"height: 24px;\">Quy tr\u00ecnh nghi\u1ec7p v\u1ee5 th\u1ea9m \u0111\u1ecbnh cho vay c\u1ee7a Qu\u1ef9 \u0110TPT B\u00ecnh D\u01b0\u01a1ng<\/td>\n<td style=\"height: 24px;\">Qu\u1ef9 \u0110TPT B\u00ecnh D\u01b0\u01a1ng<\/td>\n<\/tr>\n<tr style=\"height: 24px;\">\n<td style=\"height: 24px;\"><a href=\"\/wp-content\/uploads\/2017\/02\/vanban\/164_tb_dtpt.pdf\" target=\"_blank\" rel=\"noopener noreferrer\">QD 164\/TB-\u0110TPT<\/a><\/td>\n<td style=\"height: 24px;\">19\/05\/2016<\/td>\n<td style=\"height: 24px;\">Th\u00f4ng b\u00e1o l\u00e3i su\u1ea5t cho vay<\/td>\n<td style=\"height: 24px;\">Qu\u1ef9 \u0110TPT B\u00ecnh D\u01b0\u01a1ng<\/td>\n<\/tr>\n<tr style=\"height: 24px;\">\n<td style=\"height: 24px;\"><a href=\"\/wp-content\/uploads\/2017\/02\/vanban\/324_qd_hdql.pdf\" target=\"_blank\" rel=\"noopener noreferrer\">324\/Q\u0110-H\u0110QL<\/a><\/td>\n<td style=\"height: 24px;\">28\/11\/2014<\/td>\n<td style=\"height: 24px;\">Quy\u1ebft \u0111\u1ecbnh v\u1ec1 vi\u1ec7c ban h\u00e0nh Quy ch\u1ebf cho vay c\u1ee7a Qu\u1ef9 \u0110\u1ea7u t\u01b0 Ph\u00e1t tri\u1ec3n t\u1ec9nh B\u00ecnh D\u01b0\u01a1ng<\/td>\n<td style=\"height: 24px;\">Qu\u1ef9 \u0110TPT B\u00ecnh D\u01b0\u01a1ng<\/td>\n<\/tr>\n<tr style=\"height: 48px;\">\n<td style=\"height: 48px;\"><a href=\"\/wp-content\/uploads\/2017\/02\/vanban\/288_qd_hdql.pdf\" target=\"_blank\" rel=\"noopener noreferrer\">288\/Q\u0110-H\u0110QL<\/a><\/td>\n<td style=\"height: 48px;\">15\/10\/2014<\/td>\n<td style=\"height: 48px;\">Quy\u1ebft \u0111\u1ecbnh v\u1ec1 vi\u1ec7c ban h\u00e0nh Quy ch\u1ebf \u0111\u1ea7u t\u01b0 tr\u1ef1c ti\u1ebfp v\u00e0 g\u00f3p v\u1ed1n th\u00e0nh l\u1eadp doanh nghi\u1ec7p c\u1ee7a Qu\u1ef9 \u0110\u1ea7u t\u01b0 Ph\u00e1t tri\u1ec3n t\u1ec9nh B\u00ecnh D\u01b0\u01a1ng<\/td>\n<td style=\"height: 48px;\">Qu\u1ef9 \u0110TPT B\u00ecnh D\u01b0\u01a1ng<\/td>\n<\/tr>\n<tr style=\"height: 24px;\">\n<td style=\"text-align: center; height: 24px;\" colspan=\"4\"><strong>V\u0103n b\u1ea3n Qu\u1ef9 ph\u00e1t tri\u1ec3n \u0111\u1ea5t<\/strong><\/td>\n<\/tr>\n<tr style=\"height: 24px;\">\n<td style=\"height: 24px;\"><a href=\"\/files\/bdif\/(7)%20(2010)%20Dieu%20le%20quy%20phat%20trien%20dat.pdf\" target=\"_blank\" rel=\"noopener noreferrer\">3343\/Q\u0110-UBND<\/a><\/td>\n<td style=\"height: 24px;\">01\/11\/2010*<\/td>\n<td style=\"height: 24px;\">Quy\u1ebft \u0111\u1ecbnh v\u1ec1 vi\u1ec7c ph\u00ea duy\u1ec7t \u0110i\u1ec1u l\u1ec7 T\u1ed5 ch\u1ee9c v\u00e0 ho\u1ea1t \u0111\u1ed9ng c\u1ee7a Qu\u1ef9 Ph\u00e1t tri\u1ec3n \u0111\u1ea5t t\u1ec9nh B\u00ecnh D\u01b0\u01a1ng<\/td>\n<td style=\"height: 24px;\">UBND t\u1ec9nh B\u00ecnh D\u01b0\u01a1ng<\/td>\n<\/tr>\n<tr style=\"height: 24px;\">\n<td style=\"height: 24px;\"><a href=\"\/files\/bdif\/(8)%20(2010)%20Quyet%20dinh%20thanh%20lap%20hoi%20dong%20quan%20ly%20quy%20phat%20trien%20dat.pdf\" target=\"_blank\" rel=\"noopener noreferrer\">3088\/Q\u0110-UBND<\/a><\/td>\n<td style=\"height: 24px;\">13\/10\/2010*<\/td>\n<td style=\"height: 24px;\">Quy\u1ebft \u0111\u1ecbnh v\u1ec1 vi\u1ec7c \u1ee7y th\u00e1c &amp; th\u00e0nh l\u1eadp h\u1ed9i \u0111\u1ed3ng qu\u1ea3n l\u00fd Qu\u1ef9 Ph\u00e1t Tri\u1ec3n \u0110\u1ea5t T\u1ec9nh B\u00ecnh D\u01b0\u01a1ng<\/td>\n<td style=\"height: 24px;\">UBND t\u1ec9nh B\u00ecnh D\u01b0\u01a1ng<\/td>\n<\/tr>\n<tr style=\"height: 24px;\">\n<td style=\"text-align: center; height: 24px;\" colspan=\"4\"><strong>V\u0103n b\u1ea3n Qu\u1ef9 ph\u00e1t tri\u1ec3n nh\u00e0<\/strong><\/td>\n<\/tr>\n<tr style=\"height: 24px;\">\n<td style=\"height: 24px;\"><a href=\"\/wp-content\/uploads\/2017\/02\/vanban\/1738_qd_ubnd.pdf\" target=\"_blank\" rel=\"noopener noreferrer\">1738\/Q\u0110-UBND<\/a><\/td>\n<td style=\"height: 24px;\">06\/07\/2015<\/td>\n<td style=\"height: 24px;\">Quy\u00ea\u0301t \u0111i\u0323nh v\u00ea\u0300 vi\u00ea\u0323c ban ha\u0300nh \u0110i\u00ea\u0300u l\u00ea\u0323 t\u00f4\u0309 ch\u01b0\u0301c va\u0300 hoa\u0323t \u0111\u00f4\u0323ng cu\u0309a Quy\u0303 Pha\u0301t tri\u00ea\u0309n nha\u0300 \u01a1\u0300 Bi\u0300nh D\u01b0\u01a1ng<\/td>\n<td style=\"height: 24px;\">UBND t\u1ec9nh B\u00ecnh D\u01b0\u01a1ng<\/td>\n<\/tr>\n<tr style=\"height: 24px;\">\n<td style=\"text-align: center; height: 24px;\" colspan=\"4\"><strong>V\u0103n b\u1ea3n Qu\u1ef9 b\u1ea3o l\u00e3nh t\u00edn d\u1ee5ng DN nh\u1ecf v\u00e0 v\u1eeba<\/strong><\/td>\n<\/tr>\n<tr style=\"height: 24px;\">\n<td style=\"height: 24px;\"><a href=\"\/wp-content\/uploads\/2017\/02\/vanban\/385_qd_hdql.pdf\" target=\"_blank\" rel=\"noopener noreferrer\">385\/Q\u0110-H\u0110QL<\/a><\/td>\n<td style=\"height: 24px;\">31\/12\/2014<\/td>\n<td style=\"height: 24px;\">Quy ch\u1ebf b\u1ea3o l\u00e3nh t\u00edn d\u1ee5ng cho c\u00e1c danh nghi\u1ec7p nh\u1ecf v\u00e0 v\u1eeba<\/td>\n<td style=\"height: 24px;\">UBND t\u1ec9nh B\u00ecnh D\u01b0\u01a1ng<\/td>\n<\/tr>\n<tr style=\"height: 24px;\">\n<td style=\"height: 24px;\"><a href=\"\/wp-content\/uploads\/2017\/02\/vanban\/24_2014_qd_ubnd(luufile).pdf\" target=\"_blank\" rel=\"noopener noreferrer\">24\/2014\/Q\u0110-UBND<\/a><\/td>\n<td style=\"height: 24px;\">09\/07\/2014<\/td>\n<td style=\"height: 24px;\">Quy\u1ebft \u0111\u1ecbnh Ban h\u00e0nh Quy \u0111\u1ecbnh b\u1ea3o l\u00e3nh t\u00edn d\u1ee5ng cho c\u00e1c doanh nghi\u1ec7p nh\u1ecf v\u00e0 v\u1eeba tr\u00ean \u0111\u1ecba b\u00e0n t\u1ec9nh B\u00ecnh D\u01b0\u01a1ng<\/td>\n<td style=\"height: 24px;\">UBND t\u1ec9nh B\u00ecnh D\u01b0\u01a1ng<\/td>\n<\/tr>\n<tr style=\"height: 24px;\">\n<td style=\"text-align: center; height: 24px;\" colspan=\"4\"><strong>V\u0103n b\u1ea3n kh\u00e1c<\/strong><\/td>\n<\/tr>\n<tr style=\"height: 24px;\">\n<td style=\"height: 24px;\"><a href=\"\/wp-content\/uploads\/2017\/02\/vanban\/1568_qd_ubnd.pdf\" target=\"_blank\" rel=\"noopener noreferrer\">1568\/Q\u0110-UBND<\/a><\/td>\n<td style=\"height: 24px;\">30\/06\/2014<\/td>\n<td style=\"height: 24px;\">Quy\u1ebft \u0111\u1ecbnh v\u1ec1 vi\u1ec7c Ban h\u00e0nh \u0111i\u1ec1u ch\u1ec9nh \u0110i\u1ec1u l\u1ec7 t\u1ed5 ch\u1ee9c v\u00e0 ho\u1ea1t \u0111\u1ed9ng c\u1ee7a Qu\u1ef9 \u0110TPT t\u1ec9nh B\u00ecnh D\u01b0\u01a1ng<\/td>\n<td style=\"height: 24px;\">UBND t\u1ec9nh B\u00ecnh D\u01b0\u01a1ng<\/td>\n<\/tr>\n<tr style=\"height: 24px;\">\n<td style=\"height: 24px;\"><a href=\"\/wp-content\/uploads\/2017\/02\/vanban\/28_2014_tt_btc.pdf\" target=\"_blank\" rel=\"noopener noreferrer\">28\/2014\/TT-BTC<\/a><\/td>\n<td style=\"height: 24px;\">25\/02\/2014<\/td>\n<td style=\"height: 24px;\">Th\u00f4ng t\u01b0 h\u01b0\u1edbng d\u1eabn c\u01a1 ch\u1ebf qu\u1ea3n l\u00fd t\u00e0i ch\u00ednh c\u1ee7a Qu\u1ef9 \u0111\u1ea7u t\u01b0 ph\u00e1t tri\u1ec3n \u0111\u1ecba ph\u01b0\u01a1ng<\/td>\n<td style=\"height: 24px;\">B\u1ed9 T\u00e0i Ch\u00ednh<\/td>\n<\/tr>\n<tr style=\"height: 24px;\">\n<td style=\"height: 24px;\"><a href=\"\/wp-content\/uploads\/2017\/02\/vanban\/37_2013_nd_cp.pdf\" target=\"_blank\" rel=\"noopener noreferrer\">37\/2013\/N\u0110-CP<\/a><\/td>\n<td style=\"height: 24px;\">22\/04\/2013<\/td>\n<td style=\"height: 24px;\">Ngh\u1ecb \u0111\u1ecbnh s\u1ed1 37\/2013\/N\u0110-CP c\u1ee7a Ch\u00ednh ph\u1ee7 : S\u1eeda \u0111\u1ed5i, b\u1ed5 sung m\u1ed9t s\u1ed1 \u0111i\u1ec1u c\u1ee7a Ngh\u1ecb \u0111\u1ecbnh s\u1ed1 138\/2007\/N\u0110-CP<\/td>\n<td style=\"height: 24px;\">Ch\u00ednh ph\u1ee7<\/td>\n<\/tr>\n<\/tbody>\n<\/table>\n","protected":false},"excerpt":{"rendered":"<p>S\u1ed1 v\u0103n b\u1ea3n Ng\u00e0y v\u0103n b\u1ea3n T\u00f3m t\u1eaft n\u1ed9i dung v\u0103n b\u1ea3n Ban h\u00e0nh V\u0103n [&hellip;]<\/p>\n","protected":false},"author":1,"featured_media":0,"parent":106,"menu_order":0,"comment_status":"closed","ping_status":"closed","template":"","meta":[],"_links":{"self":[{"href":"http:\/\/bdif.vn\/en\/wp-json\/wp\/v2\/pages\/107"}],"collection":[{"href":"http:\/\/bdif.vn\/en\/wp-json\/wp\/v2\/pages"}],"about":[{"href":"http:\/\/bdif.vn\/en\/wp-json\/wp\/v2\/types\/page"}],"author":[{"embeddable":true,"href":"http:\/\/bdif.vn\/en\/wp-json\/wp\/v2\/users\/1"}],"replies":[{"embeddable":true,"href":"http:\/\/bdif.vn\/en\/wp-json\/wp\/v2\/comments?post=107"}],"version-history":[{"count":2,"href":"http:\/\/bdif.vn\/en\/wp-json\/wp\/v2\/pages\/107\/revisions"}],"predecessor-version":[{"id":194,"href":"http:\/\/bdif.vn\/en\/wp-json\/wp\/v2\/pages\/107\/revisions\/194"}],"up":[{"embeddable":true,"href":"http:\/\/bdif.vn\/en\/wp-json\/wp\/v2\/pages\/106"}],"wp:attachment":[{"href":"http:\/\/bdif.vn\/en\/wp-json\/wp\/v2\/media?parent=107"}],"curies":[{"name":"wp","href":"https:\/\/api.w.org\/{rel}","templated":true}]}}