{"id":112,"date":"2017-02-27T16:54:46","date_gmt":"2017-02-27T16:54:46","guid":{"rendered":"http:\/\/bdif.vn\/en\/?page_id=112"},"modified":"2025-05-29T07:48:08","modified_gmt":"2025-05-29T07:48:08","slug":"overt-financial","status":"publish","type":"page","link":"http:\/\/bdif.vn\/en\/publish-news\/overt-financial\/","title":{"rendered":"Overt Financial"},"content":{"rendered":"<ul style=\"list-style-type: square;\">\n<li>[en] B\u00e1o c\u00e1o k\u1ebft qu\u1ea3 ho\u1ea1t \u0111\u1ed9ng kinh doanh\u00a0<a href=\"http:\/\/bdif.vn\/wp-content\/uploads\/2016\/12\/ketquakinhdoanh2016.pdf\">[Download]<\/a><\/li>\n<li>[en] B\u1ea3ng c\u00e2n \u0111\u1ed1i k\u1ebf\u00a0to\u00e1n\u00a0<a href=\"http:\/\/bdif.vn\/wp-content\/uploads\/2016\/12\/bangcandoiketoan2016.pdf\" target=\"_blank\" rel=\"noopener noreferrer\">[Download]<\/a><\/li>\n<li>[en] B\u00e1o c\u00e1o l\u01b0u chuy\u1ec3n ti\u1ec1n t\u1ec7\u00a0<a href=\"http:\/\/bdif.vn\/wp-content\/uploads\/2016\/12\/baocaoluuchuyentiente.pdf\" target=\"_blank\" rel=\"noopener noreferrer\">[Download]<\/a><\/li>\n<li>[en] Bi\u1ebfn \u0111\u1ed9ng v\u1ed1n ch\u1ee7 s\u1edf h\u1eefu\u00a0<a href=\"http:\/\/bdif.vn\/wp-content\/uploads\/2016\/12\/baocaotinhhinhbiendongvonchusohuu.pdf\">[Download]<\/a><\/li>\n<li>[en] Bi\u1ec3u m\u1eabu c\u00f4ng khai c\u00f4ng ch\u00fang\u00a0<a href=\"http:\/\/bdif.vn\/wp-content\/uploads\/2016\/12\/congkhaitaichinh2016.pdf\">[Download]<\/a><\/li>\n<\/ul>\n","protected":false},"excerpt":{"rendered":"<p>[en] B\u00e1o c\u00e1o k\u1ebft qu\u1ea3 ho\u1ea1t \u0111\u1ed9ng kinh doanh\u00a0[Download] [en] B\u1ea3ng c\u00e2n \u0111\u1ed1i k\u1ebf\u00a0to\u00e1n\u00a0[Download] [en] [&hellip;]<\/p>\n","protected":false},"author":1,"featured_media":0,"parent":111,"menu_order":0,"comment_status":"closed","ping_status":"closed","template":"","meta":[],"_links":{"self":[{"href":"http:\/\/bdif.vn\/en\/wp-json\/wp\/v2\/pages\/112"}],"collection":[{"href":"http:\/\/bdif.vn\/en\/wp-json\/wp\/v2\/pages"}],"about":[{"href":"http:\/\/bdif.vn\/en\/wp-json\/wp\/v2\/types\/page"}],"author":[{"embeddable":true,"href":"http:\/\/bdif.vn\/en\/wp-json\/wp\/v2\/users\/1"}],"replies":[{"embeddable":true,"href":"http:\/\/bdif.vn\/en\/wp-json\/wp\/v2\/comments?post=112"}],"version-history":[{"count":2,"href":"http:\/\/bdif.vn\/en\/wp-json\/wp\/v2\/pages\/112\/revisions"}],"predecessor-version":[{"id":232,"href":"http:\/\/bdif.vn\/en\/wp-json\/wp\/v2\/pages\/112\/revisions\/232"}],"up":[{"embeddable":true,"href":"http:\/\/bdif.vn\/en\/wp-json\/wp\/v2\/pages\/111"}],"wp:attachment":[{"href":"http:\/\/bdif.vn\/en\/wp-json\/wp\/v2\/media?parent=112"}],"curies":[{"name":"wp","href":"https:\/\/api.w.org\/{rel}","templated":true}]}}